{"id":6788,"date":"2024-08-21T11:32:51","date_gmt":"2024-08-21T11:32:51","guid":{"rendered":"https:\/\/www.totiaranalquilerbaqueira.com\/blog\/on-remplit-votre-frigo-a-baqueira\/"},"modified":"2026-01-29T12:36:09","modified_gmt":"2026-01-29T12:36:09","slug":"on-remplit-votre-frigo-a-baqueira","status":"publish","type":"page","link":"https:\/\/www.totiaranalquilerbaqueira.com\/blog\/fr\/on-remplit-votre-frigo-a-baqueira\/","title":{"rendered":"Nous remplissons votre r\u00e9frig\u00e9rateur \u00e0 Baqueira"},"content":{"rendered":"\t\t<div data-elementor-type=\"wp-page\" data-elementor-id=\"6788\" class=\"elementor elementor-6788 elementor-3094\" data-elementor-post-type=\"page\">\n\t\t\t\t\t\t<section class=\"elementor-section elementor-top-section elementor-element elementor-element-eecf7cf elementor-section-boxed elementor-section-height-default elementor-section-height-default\" data-id=\"eecf7cf\" data-element_type=\"section\">\n\t\t\t\t\t\t<div class=\"elementor-container elementor-column-gap-default\">\n\t\t\t\t\t<div class=\"elementor-column elementor-col-100 elementor-top-column elementor-element elementor-element-ecc9001\" data-id=\"ecc9001\" data-element_type=\"column\">\n\t\t\t<div class=\"elementor-widget-wrap elementor-element-populated\">\n\t\t\t\t\t\t<div class=\"elementor-element elementor-element-a4666a9 elementor-widget elementor-widget-heading\" data-id=\"a4666a9\" data-element_type=\"widget\" data-widget_type=\"heading.default\">\n\t\t\t\t<div class=\"elementor-widget-container\">\n\t\t\t\t\t<h2 class=\"elementor-heading-title elementor-size-default\">Vous imaginez-vous arriver et ne pas avoir \u00e0 vous inqui\u00e9ter&nbsp;?\n<\/h2>\t\t\t\t<\/div>\n\t\t\t\t<\/div>\n\t\t\t\t<div class=\"elementor-element elementor-element-c2c1e2e elementor-widget elementor-widget-text-editor\" data-id=\"c2c1e2e\" data-element_type=\"widget\" data-widget_type=\"text-editor.default\">\n\t\t\t\t<div class=\"elementor-widget-container\">\n\t\t\t\t\t\t\t\t\t<p><span style=\"font-weight: 400;\">Ce que l\u2019on a le moins envie de faire apr\u00e8s un voyage, c\u2019est d\u2019arriver enfin \u00e0 destination et de devoir s\u2019occuper de l\u2019intendance\u2026, n\u2019est-ce pas&nbsp;?<\/span><\/p><p><span style=\"font-weight: 400;\">C\u2019est pourquoi, chez Totiaran, nous nous chargeons du \u00ab&nbsp;sale boulot&nbsp;\u00bb pour vous. <\/span><\/p><p><span style=\"font-weight: 400;\">Oubliez d\u2019aller au supermarch\u00e9&nbsp;! Lorsque vous arriverez \u00e0 nos appartements ou maisons de location, le r\u00e9frig\u00e9rateur sera rempli de vos produits pr\u00e9f\u00e9r\u00e9s. <\/span><\/p>\t\t\t\t\t\t\t\t<\/div>\n\t\t\t\t<\/div>\n\t\t\t\t<div class=\"elementor-element elementor-element-62bdb58 elementor-widget elementor-widget-image\" data-id=\"62bdb58\" data-element_type=\"widget\" data-widget_type=\"image.default\">\n\t\t\t\t<div class=\"elementor-widget-container\">\n\t\t\t\t\t\t\t\t\t\t\t\t\t\t\t<img fetchpriority=\"high\" decoding=\"async\" width=\"800\" height=\"503\" src=\"https:\/\/www.totiaranalquilerbaqueira.com\/blog\/wp-content\/uploads\/2024\/08\/compra-a-domicilio-baqueira.jpg\" class=\"attachment-large size-large wp-image-3102\" alt=\"Compra a domicilio en Baqueira\" srcset=\"https:\/\/www.totiaranalquilerbaqueira.com\/blog\/wp-content\/uploads\/2024\/08\/compra-a-domicilio-baqueira.jpg 800w, https:\/\/www.totiaranalquilerbaqueira.com\/blog\/wp-content\/uploads\/2024\/08\/compra-a-domicilio-baqueira-300x189.jpg 300w, https:\/\/www.totiaranalquilerbaqueira.com\/blog\/wp-content\/uploads\/2024\/08\/compra-a-domicilio-baqueira-768x483.jpg 768w\" sizes=\"(max-width: 800px) 100vw, 800px\" \/>\t\t\t\t\t\t\t\t\t\t\t\t\t\t\t<\/div>\n\t\t\t\t<\/div>\n\t\t\t\t\t<\/div>\n\t\t<\/div>\n\t\t\t\t\t<\/div>\n\t\t<\/section>\n\t\t\t\t<section class=\"elementor-section elementor-top-section elementor-element elementor-element-47376e9 elementor-section-boxed elementor-section-height-default elementor-section-height-default\" data-id=\"47376e9\" data-element_type=\"section\">\n\t\t\t\t\t\t<div class=\"elementor-container elementor-column-gap-default\">\n\t\t\t\t\t<div class=\"elementor-column elementor-col-100 elementor-top-column elementor-element elementor-element-cb3d3a6\" data-id=\"cb3d3a6\" data-element_type=\"column\">\n\t\t\t<div class=\"elementor-widget-wrap elementor-element-populated\">\n\t\t\t\t\t\t<div class=\"elementor-element elementor-element-efa866c elementor-widget elementor-widget-heading\" data-id=\"efa866c\" data-element_type=\"widget\" data-widget_type=\"heading.default\">\n\t\t\t\t<div class=\"elementor-widget-container\">\n\t\t\t\t\t<h2 class=\"elementor-heading-title elementor-size-default\">Comment fonctionne le service&nbsp;?\n<\/h2>\t\t\t\t<\/div>\n\t\t\t\t<\/div>\n\t\t\t\t<div class=\"elementor-element elementor-element-83b8b34 elementor-widget elementor-widget-text-editor\" data-id=\"83b8b34\" data-element_type=\"widget\" data-widget_type=\"text-editor.default\">\n\t\t\t\t<div class=\"elementor-widget-container\">\n\t\t\t\t\t\t\t\t\t<p><span style=\"font-weight: 400;\">Vous n\u2019aurez \u00e0 vous soucier de rien. Notre \u00e9quipe recevra votre commande et se rendra au supermarch\u00e9, ach\u00e8tera les produits que vous nous indiquerez et les d\u00e9posera dans votre r\u00e9frig\u00e9rateur. <\/span><\/p><p><span style=\"font-weight: 400;\">Ce service entra\u00eene des frais suppl\u00e9mentaires&nbsp;: nous facturons 20&nbsp;% du montant total du ticket + 50&nbsp;\u20ac de frais de gestion. <\/span><\/p><p><b>Faites votre commande<\/b> <span style=\"font-weight: 400;\">\u00e0<\/span> <span style=\"font-weight: 400;\"><a href=\"mailto:extras@totiaranalquilerbaqueira.com\">extras@totiaranalquilerbaqueira.com<\/a>,<\/span><span style=\"font-weight: 400;\"> en joignant votre liste de courses et tout d\u00e9tail&nbsp;; nous serons ravis de vous aider.<\/span><\/p>\t\t\t\t\t\t\t\t<\/div>\n\t\t\t\t<\/div>\n\t\t\t\t\t<\/div>\n\t\t<\/div>\n\t\t\t\t\t<\/div>\n\t\t<\/section>\n\t\t\t\t<section class=\"elementor-section elementor-top-section elementor-element elementor-element-1c3e7cd8 elementor-section-boxed elementor-section-height-default elementor-section-height-default\" data-id=\"1c3e7cd8\" data-element_type=\"section\">\n\t\t\t\t\t\t<div class=\"elementor-container elementor-column-gap-default\">\n\t\t\t\t\t<div class=\"elementor-column elementor-col-100 elementor-top-column elementor-element elementor-element-4b8509cf\" data-id=\"4b8509cf\" data-element_type=\"column\">\n\t\t\t<div class=\"elementor-widget-wrap elementor-element-populated\">\n\t\t\t\t\t\t<div class=\"elementor-element elementor-element-6add2879 elementor-widget elementor-widget-heading\" data-id=\"6add2879\" data-element_type=\"widget\" data-widget_type=\"heading.default\">\n\t\t\t\t<div class=\"elementor-widget-container\">\n\t\t\t\t\t<h2 class=\"elementor-heading-title elementor-size-default\">Autres services touristiques que nous proposons \u00e0 Baqueira Beret<\/h2>\t\t\t\t<\/div>\n\t\t\t\t<\/div>\n\t\t\t\t\t<\/div>\n\t\t<\/div>\n\t\t\t\t\t<\/div>\n\t\t<\/section>\n\t\t\t\t<section class=\"elementor-section elementor-top-section elementor-element elementor-element-6be9961 elementor-section-boxed elementor-section-height-default elementor-section-height-default\" data-id=\"6be9961\" data-element_type=\"section\">\n\t\t\t\t\t\t<div class=\"elementor-container elementor-column-gap-default\">\n\t\t\t\t\t<div class=\"elementor-column elementor-col-25 elementor-top-column elementor-element elementor-element-cd6e981\" data-id=\"cd6e981\" data-element_type=\"column\">\n\t\t\t<div class=\"elementor-widget-wrap elementor-element-populated\">\n\t\t\t\t\t\t<div class=\"elementor-element elementor-element-b2677a2 elementor-align-center elementor-widget elementor-widget-button\" data-id=\"b2677a2\" data-element_type=\"widget\" data-widget_type=\"button.default\">\n\t\t\t\t<div class=\"elementor-widget-container\">\n\t\t\t\t\t\t\t\t\t<div class=\"elementor-button-wrapper\">\n\t\t\t\t\t<a class=\"elementor-button elementor-button-link elementor-size-sm\" href=\"https:\/\/www.totiaranalquilerbaqueira.com\/blog\/fr\/on-remplit-votre-frigo-a-baqueira\/\">\n\t\t\t\t\t\t<span class=\"elementor-button-content-wrapper\">\n\t\t\t\t\t\t\t\t\t<span class=\"elementor-button-text\">Nous remplissons votre r\u00e9frig\u00e9rateur<\/span>\n\t\t\t\t\t<\/span>\n\t\t\t\t\t<\/a>\n\t\t\t\t<\/div>\n\t\t\t\t\t\t\t\t<\/div>\n\t\t\t\t<\/div>\n\t\t\t\t\t<\/div>\n\t\t<\/div>\n\t\t\t\t<div class=\"elementor-column elementor-col-25 elementor-top-column elementor-element elementor-element-e815892\" data-id=\"e815892\" data-element_type=\"column\">\n\t\t\t<div class=\"elementor-widget-wrap elementor-element-populated\">\n\t\t\t\t\t\t<div class=\"elementor-element elementor-element-ae225de elementor-align-center elementor-widget elementor-widget-button\" data-id=\"ae225de\" data-element_type=\"widget\" data-widget_type=\"button.default\">\n\t\t\t\t<div class=\"elementor-widget-container\">\n\t\t\t\t\t\t\t\t\t<div class=\"elementor-button-wrapper\">\n\t\t\t\t\t<a class=\"elementor-button elementor-button-link elementor-size-sm\" href=\"https:\/\/www.totiaranalquilerbaqueira.com\/blog\/fr\/service-baby-sitting-baqueira-beret\/\">\n\t\t\t\t\t\t<span class=\"elementor-button-content-wrapper\">\n\t\t\t\t\t\t\t\t\t<span class=\"elementor-button-text\">Baby-sitting<\/span>\n\t\t\t\t\t<\/span>\n\t\t\t\t\t<\/a>\n\t\t\t\t<\/div>\n\t\t\t\t\t\t\t\t<\/div>\n\t\t\t\t<\/div>\n\t\t\t\t\t<\/div>\n\t\t<\/div>\n\t\t\t\t<div class=\"elementor-column elementor-col-25 elementor-top-column elementor-element elementor-element-164b96a\" data-id=\"164b96a\" data-element_type=\"column\">\n\t\t\t<div class=\"elementor-widget-wrap elementor-element-populated\">\n\t\t\t\t\t\t<div class=\"elementor-element elementor-element-13e5195 elementor-align-center elementor-widget elementor-widget-button\" data-id=\"13e5195\" data-element_type=\"widget\" data-widget_type=\"button.default\">\n\t\t\t\t<div class=\"elementor-widget-container\">\n\t\t\t\t\t\t\t\t\t<div class=\"elementor-button-wrapper\">\n\t\t\t\t\t<a class=\"elementor-button elementor-button-link elementor-size-sm\" href=\"https:\/\/www.totiaranalquilerbaqueira.com\/blog\/fr\/service-de-blanchisserie-a-baqueira\/\">\n\t\t\t\t\t\t<span class=\"elementor-button-content-wrapper\">\n\t\t\t\t\t\t\t\t\t<span class=\"elementor-button-text\">Blanchisserie<\/span>\n\t\t\t\t\t<\/span>\n\t\t\t\t\t<\/a>\n\t\t\t\t<\/div>\n\t\t\t\t\t\t\t\t<\/div>\n\t\t\t\t<\/div>\n\t\t\t\t\t<\/div>\n\t\t<\/div>\n\t\t\t\t<div class=\"elementor-column elementor-col-25 elementor-top-column elementor-element elementor-element-3534886\" data-id=\"3534886\" data-element_type=\"column\">\n\t\t\t<div class=\"elementor-widget-wrap elementor-element-populated\">\n\t\t\t\t\t\t<div class=\"elementor-element elementor-element-48880cd elementor-align-center elementor-widget elementor-widget-button\" data-id=\"48880cd\" data-element_type=\"widget\" data-widget_type=\"button.default\">\n\t\t\t\t<div class=\"elementor-widget-container\">\n\t\t\t\t\t\t\t\t\t<div class=\"elementor-button-wrapper\">\n\t\t\t\t\t<a class=\"elementor-button elementor-button-link elementor-size-sm\" href=\"https:\/\/www.totiaranalquilerbaqueira.com\/blog\/fr\/transferts-et-taxis-baqueira-vallee-d-aran\/\">\n\t\t\t\t\t\t<span class=\"elementor-button-content-wrapper\">\n\t\t\t\t\t\t\t\t\t<span class=\"elementor-button-text\">Taxi \u00e0 Baqueira<\/span>\n\t\t\t\t\t<\/span>\n\t\t\t\t\t<\/a>\n\t\t\t\t<\/div>\n\t\t\t\t\t\t\t\t<\/div>\n\t\t\t\t<\/div>\n\t\t\t\t\t<\/div>\n\t\t<\/div>\n\t\t\t\t\t<\/div>\n\t\t<\/section>\n\t\t\t\t<\/div>\n\t\t","protected":false},"excerpt":{"rendered":"<p>Vous imaginez-vous arriver et ne pas avoir \u00e0 vous inqui\u00e9ter&nbsp;? Ce que l\u2019on a le moins envie de faire apr\u00e8s un voyage, c\u2019est d\u2019arriver enfin \u00e0 destination et de devoir s\u2019occuper de l\u2019intendance\u2026, n\u2019est-ce pas&nbsp;? C\u2019est pourquoi, chez Totiaran, nous nous chargeons du \u00ab&nbsp;sale boulot&nbsp;\u00bb pour vous. Oubliez d\u2019aller au supermarch\u00e9&nbsp;! Lorsque vous arriverez \u00e0 [&hellip;]<\/p>\n","protected":false},"author":2,"featured_media":3097,"parent":0,"menu_order":0,"comment_status":"closed","ping_status":"closed","template":"","meta":{"footnotes":""},"class_list":["post-6788","page","type-page","status-publish","has-post-thumbnail","hentry"],"yoast_head":"<!-- This site is optimized with the Yoast SEO plugin v26.6 - https:\/\/yoast.com\/wordpress\/plugins\/seo\/ -->\n<title>Nous remplissons votre r\u00e9frig\u00e9rateur \u00e0 Baqueira Beret. Vous avez faim\u00a0?<\/title>\n<meta name=\"description\" content=\"Si vous avez pass\u00e9 une longue journ\u00e9e de ski ou de travail et que vous souhaitez arriver \u00e0 votre appartement et trouver le r\u00e9frig\u00e9rateur plein, vous avez de la chance\u00a0! Nous le faisons\u00a0!\" \/>\n<meta name=\"robots\" content=\"index, follow, max-snippet:-1, max-image-preview:large, max-video-preview:-1\" \/>\n<link rel=\"canonical\" href=\"https:\/\/www.totiaranalquilerbaqueira.com\/blog\/fr\/on-remplit-votre-frigo-a-baqueira\/\" \/>\n<meta property=\"og:locale\" content=\"fr_FR\" \/>\n<meta property=\"og:type\" content=\"article\" \/>\n<meta property=\"og:title\" content=\"Nous remplissons votre r\u00e9frig\u00e9rateur \u00e0 Baqueira Beret. Vous avez faim\u00a0?\" \/>\n<meta property=\"og:description\" content=\"Si vous avez pass\u00e9 une longue journ\u00e9e de ski ou de travail et que vous souhaitez arriver \u00e0 votre appartement et trouver le r\u00e9frig\u00e9rateur plein, vous avez de la chance\u00a0! Nous le faisons\u00a0!\" \/>\n<meta property=\"og:url\" content=\"https:\/\/www.totiaranalquilerbaqueira.com\/blog\/fr\/on-remplit-votre-frigo-a-baqueira\/\" \/>\n<meta property=\"og:site_name\" content=\"Blog\" \/>\n<meta property=\"article:modified_time\" content=\"2026-01-29T12:36:09+00:00\" \/>\n<meta property=\"og:image\" content=\"https:\/\/www.totiaranalquilerbaqueira.com\/blog\/wp-content\/uploads\/2024\/08\/compra-comida-baqueira.jpg\" \/>\n\t<meta property=\"og:image:width\" content=\"1920\" \/>\n\t<meta property=\"og:image:height\" content=\"650\" \/>\n\t<meta property=\"og:image:type\" content=\"image\/jpeg\" \/>\n<meta name=\"twitter:card\" content=\"summary_large_image\" \/>\n<meta name=\"twitter:label1\" content=\"Dur\u00e9e de lecture estim\u00e9e\" \/>\n\t<meta name=\"twitter:data1\" content=\"1 minute\" \/>\n<script type=\"application\/ld+json\" class=\"yoast-schema-graph\">{\"@context\":\"https:\/\/schema.org\",\"@graph\":[{\"@type\":\"WebPage\",\"@id\":\"https:\/\/www.totiaranalquilerbaqueira.com\/blog\/fr\/on-remplit-votre-frigo-a-baqueira\/\",\"url\":\"https:\/\/www.totiaranalquilerbaqueira.com\/blog\/fr\/on-remplit-votre-frigo-a-baqueira\/\",\"name\":\"Nous remplissons votre r\u00e9frig\u00e9rateur \u00e0 Baqueira Beret. Vous avez faim\u00a0?\",\"isPartOf\":{\"@id\":\"https:\/\/www.totiaranalquilerbaqueira.com\/blog\/fr\/#website\"},\"primaryImageOfPage\":{\"@id\":\"https:\/\/www.totiaranalquilerbaqueira.com\/blog\/fr\/on-remplit-votre-frigo-a-baqueira\/#primaryimage\"},\"image\":{\"@id\":\"https:\/\/www.totiaranalquilerbaqueira.com\/blog\/fr\/on-remplit-votre-frigo-a-baqueira\/#primaryimage\"},\"thumbnailUrl\":\"https:\/\/www.totiaranalquilerbaqueira.com\/blog\/wp-content\/uploads\/2024\/08\/compra-comida-baqueira.jpg\",\"datePublished\":\"2024-08-21T11:32:51+00:00\",\"dateModified\":\"2026-01-29T12:36:09+00:00\",\"description\":\"Si vous avez pass\u00e9 une longue journ\u00e9e de ski ou de travail et que vous souhaitez arriver \u00e0 votre appartement et trouver le r\u00e9frig\u00e9rateur plein, vous avez de la chance\u00a0! Nous le faisons\u00a0!\",\"breadcrumb\":{\"@id\":\"https:\/\/www.totiaranalquilerbaqueira.com\/blog\/fr\/on-remplit-votre-frigo-a-baqueira\/#breadcrumb\"},\"inLanguage\":\"fr-FR\",\"potentialAction\":[{\"@type\":\"ReadAction\",\"target\":[\"https:\/\/www.totiaranalquilerbaqueira.com\/blog\/fr\/on-remplit-votre-frigo-a-baqueira\/\"]}]},{\"@type\":\"ImageObject\",\"inLanguage\":\"fr-FR\",\"@id\":\"https:\/\/www.totiaranalquilerbaqueira.com\/blog\/fr\/on-remplit-votre-frigo-a-baqueira\/#primaryimage\",\"url\":\"https:\/\/www.totiaranalquilerbaqueira.com\/blog\/wp-content\/uploads\/2024\/08\/compra-comida-baqueira.jpg\",\"contentUrl\":\"https:\/\/www.totiaranalquilerbaqueira.com\/blog\/wp-content\/uploads\/2024\/08\/compra-comida-baqueira.jpg\",\"width\":1920,\"height\":650,\"caption\":\"Compra de comida y llenado de nevera en baqueira\"},{\"@type\":\"BreadcrumbList\",\"@id\":\"https:\/\/www.totiaranalquilerbaqueira.com\/blog\/fr\/on-remplit-votre-frigo-a-baqueira\/#breadcrumb\",\"itemListElement\":[{\"@type\":\"ListItem\",\"position\":1,\"name\":\"Portada\",\"item\":\"https:\/\/www.totiaranalquilerbaqueira.com\/blog\/fr\/\"},{\"@type\":\"ListItem\",\"position\":2,\"name\":\"Nous remplissons votre r\u00e9frig\u00e9rateur \u00e0 Baqueira\"}]},{\"@type\":\"WebSite\",\"@id\":\"https:\/\/www.totiaranalquilerbaqueira.com\/blog\/fr\/#website\",\"url\":\"https:\/\/www.totiaranalquilerbaqueira.com\/blog\/fr\/\",\"name\":\"Blog\",\"description\":\"Totiaranalquilerbaqueira\",\"publisher\":{\"@id\":\"https:\/\/www.totiaranalquilerbaqueira.com\/blog\/fr\/#organization\"},\"potentialAction\":[{\"@type\":\"SearchAction\",\"target\":{\"@type\":\"EntryPoint\",\"urlTemplate\":\"https:\/\/www.totiaranalquilerbaqueira.com\/blog\/fr\/?s={search_term_string}\"},\"query-input\":{\"@type\":\"PropertyValueSpecification\",\"valueRequired\":true,\"valueName\":\"search_term_string\"}}],\"inLanguage\":\"fr-FR\"},{\"@type\":\"Organization\",\"@id\":\"https:\/\/www.totiaranalquilerbaqueira.com\/blog\/fr\/#organization\",\"name\":\"Blog\",\"url\":\"https:\/\/www.totiaranalquilerbaqueira.com\/blog\/fr\/\",\"logo\":{\"@type\":\"ImageObject\",\"inLanguage\":\"fr-FR\",\"@id\":\"https:\/\/www.totiaranalquilerbaqueira.com\/blog\/fr\/#\/schema\/logo\/image\/\",\"url\":\"https:\/\/www.totiaranalquilerbaqueira.com\/blog\/wp-content\/uploads\/2024\/08\/logo-totiaran-baqueira.png\",\"contentUrl\":\"https:\/\/www.totiaranalquilerbaqueira.com\/blog\/wp-content\/uploads\/2024\/08\/logo-totiaran-baqueira.png\",\"width\":400,\"height\":84,\"caption\":\"Blog\"},\"image\":{\"@id\":\"https:\/\/www.totiaranalquilerbaqueira.com\/blog\/fr\/#\/schema\/logo\/image\/\"}}]}<\/script>\n<!-- \/ Yoast SEO plugin. -->","yoast_head_json":{"title":"Nous remplissons votre r\u00e9frig\u00e9rateur \u00e0 Baqueira Beret. Vous avez faim\u00a0?","description":"Si vous avez pass\u00e9 une longue journ\u00e9e de ski ou de travail et que vous souhaitez arriver \u00e0 votre appartement et trouver le r\u00e9frig\u00e9rateur plein, vous avez de la chance\u00a0! Nous le faisons\u00a0!","robots":{"index":"index","follow":"follow","max-snippet":"max-snippet:-1","max-image-preview":"max-image-preview:large","max-video-preview":"max-video-preview:-1"},"canonical":"https:\/\/www.totiaranalquilerbaqueira.com\/blog\/fr\/on-remplit-votre-frigo-a-baqueira\/","og_locale":"fr_FR","og_type":"article","og_title":"Nous remplissons votre r\u00e9frig\u00e9rateur \u00e0 Baqueira Beret. Vous avez faim\u00a0?","og_description":"Si vous avez pass\u00e9 une longue journ\u00e9e de ski ou de travail et que vous souhaitez arriver \u00e0 votre appartement et trouver le r\u00e9frig\u00e9rateur plein, vous avez de la chance\u00a0! Nous le faisons\u00a0!","og_url":"https:\/\/www.totiaranalquilerbaqueira.com\/blog\/fr\/on-remplit-votre-frigo-a-baqueira\/","og_site_name":"Blog","article_modified_time":"2026-01-29T12:36:09+00:00","og_image":[{"width":1920,"height":650,"url":"https:\/\/www.totiaranalquilerbaqueira.com\/blog\/wp-content\/uploads\/2024\/08\/compra-comida-baqueira.jpg","type":"image\/jpeg"}],"twitter_card":"summary_large_image","twitter_misc":{"Dur\u00e9e de lecture estim\u00e9e":"1 minute"},"schema":{"@context":"https:\/\/schema.org","@graph":[{"@type":"WebPage","@id":"https:\/\/www.totiaranalquilerbaqueira.com\/blog\/fr\/on-remplit-votre-frigo-a-baqueira\/","url":"https:\/\/www.totiaranalquilerbaqueira.com\/blog\/fr\/on-remplit-votre-frigo-a-baqueira\/","name":"Nous remplissons votre r\u00e9frig\u00e9rateur \u00e0 Baqueira Beret. Vous avez faim\u00a0?","isPartOf":{"@id":"https:\/\/www.totiaranalquilerbaqueira.com\/blog\/fr\/#website"},"primaryImageOfPage":{"@id":"https:\/\/www.totiaranalquilerbaqueira.com\/blog\/fr\/on-remplit-votre-frigo-a-baqueira\/#primaryimage"},"image":{"@id":"https:\/\/www.totiaranalquilerbaqueira.com\/blog\/fr\/on-remplit-votre-frigo-a-baqueira\/#primaryimage"},"thumbnailUrl":"https:\/\/www.totiaranalquilerbaqueira.com\/blog\/wp-content\/uploads\/2024\/08\/compra-comida-baqueira.jpg","datePublished":"2024-08-21T11:32:51+00:00","dateModified":"2026-01-29T12:36:09+00:00","description":"Si vous avez pass\u00e9 une longue journ\u00e9e de ski ou de travail et que vous souhaitez arriver \u00e0 votre appartement et trouver le r\u00e9frig\u00e9rateur plein, vous avez de la chance\u00a0! Nous le faisons\u00a0!","breadcrumb":{"@id":"https:\/\/www.totiaranalquilerbaqueira.com\/blog\/fr\/on-remplit-votre-frigo-a-baqueira\/#breadcrumb"},"inLanguage":"fr-FR","potentialAction":[{"@type":"ReadAction","target":["https:\/\/www.totiaranalquilerbaqueira.com\/blog\/fr\/on-remplit-votre-frigo-a-baqueira\/"]}]},{"@type":"ImageObject","inLanguage":"fr-FR","@id":"https:\/\/www.totiaranalquilerbaqueira.com\/blog\/fr\/on-remplit-votre-frigo-a-baqueira\/#primaryimage","url":"https:\/\/www.totiaranalquilerbaqueira.com\/blog\/wp-content\/uploads\/2024\/08\/compra-comida-baqueira.jpg","contentUrl":"https:\/\/www.totiaranalquilerbaqueira.com\/blog\/wp-content\/uploads\/2024\/08\/compra-comida-baqueira.jpg","width":1920,"height":650,"caption":"Compra de comida y llenado de nevera en baqueira"},{"@type":"BreadcrumbList","@id":"https:\/\/www.totiaranalquilerbaqueira.com\/blog\/fr\/on-remplit-votre-frigo-a-baqueira\/#breadcrumb","itemListElement":[{"@type":"ListItem","position":1,"name":"Portada","item":"https:\/\/www.totiaranalquilerbaqueira.com\/blog\/fr\/"},{"@type":"ListItem","position":2,"name":"Nous remplissons votre r\u00e9frig\u00e9rateur \u00e0 Baqueira"}]},{"@type":"WebSite","@id":"https:\/\/www.totiaranalquilerbaqueira.com\/blog\/fr\/#website","url":"https:\/\/www.totiaranalquilerbaqueira.com\/blog\/fr\/","name":"Blog","description":"Totiaranalquilerbaqueira","publisher":{"@id":"https:\/\/www.totiaranalquilerbaqueira.com\/blog\/fr\/#organization"},"potentialAction":[{"@type":"SearchAction","target":{"@type":"EntryPoint","urlTemplate":"https:\/\/www.totiaranalquilerbaqueira.com\/blog\/fr\/?s={search_term_string}"},"query-input":{"@type":"PropertyValueSpecification","valueRequired":true,"valueName":"search_term_string"}}],"inLanguage":"fr-FR"},{"@type":"Organization","@id":"https:\/\/www.totiaranalquilerbaqueira.com\/blog\/fr\/#organization","name":"Blog","url":"https:\/\/www.totiaranalquilerbaqueira.com\/blog\/fr\/","logo":{"@type":"ImageObject","inLanguage":"fr-FR","@id":"https:\/\/www.totiaranalquilerbaqueira.com\/blog\/fr\/#\/schema\/logo\/image\/","url":"https:\/\/www.totiaranalquilerbaqueira.com\/blog\/wp-content\/uploads\/2024\/08\/logo-totiaran-baqueira.png","contentUrl":"https:\/\/www.totiaranalquilerbaqueira.com\/blog\/wp-content\/uploads\/2024\/08\/logo-totiaran-baqueira.png","width":400,"height":84,"caption":"Blog"},"image":{"@id":"https:\/\/www.totiaranalquilerbaqueira.com\/blog\/fr\/#\/schema\/logo\/image\/"}}]}},"_links":{"self":[{"href":"https:\/\/www.totiaranalquilerbaqueira.com\/blog\/fr\/wp-json\/wp\/v2\/pages\/6788","targetHints":{"allow":["GET"]}}],"collection":[{"href":"https:\/\/www.totiaranalquilerbaqueira.com\/blog\/fr\/wp-json\/wp\/v2\/pages"}],"about":[{"href":"https:\/\/www.totiaranalquilerbaqueira.com\/blog\/fr\/wp-json\/wp\/v2\/types\/page"}],"author":[{"embeddable":true,"href":"https:\/\/www.totiaranalquilerbaqueira.com\/blog\/fr\/wp-json\/wp\/v2\/users\/2"}],"replies":[{"embeddable":true,"href":"https:\/\/www.totiaranalquilerbaqueira.com\/blog\/fr\/wp-json\/wp\/v2\/comments?post=6788"}],"version-history":[{"count":4,"href":"https:\/\/www.totiaranalquilerbaqueira.com\/blog\/fr\/wp-json\/wp\/v2\/pages\/6788\/revisions"}],"predecessor-version":[{"id":6871,"href":"https:\/\/www.totiaranalquilerbaqueira.com\/blog\/fr\/wp-json\/wp\/v2\/pages\/6788\/revisions\/6871"}],"wp:featuredmedia":[{"embeddable":true,"href":"https:\/\/www.totiaranalquilerbaqueira.com\/blog\/fr\/wp-json\/wp\/v2\/media\/3097"}],"wp:attachment":[{"href":"https:\/\/www.totiaranalquilerbaqueira.com\/blog\/fr\/wp-json\/wp\/v2\/media?parent=6788"}],"curies":[{"name":"wp","href":"https:\/\/api.w.org\/{rel}","templated":true}]}}