{"id":6752,"date":"2024-08-21T11:20:54","date_gmt":"2024-08-21T11:20:54","guid":{"rendered":"https:\/\/www.totiaranalquilerbaqueira.com\/blog\/service-baby-sitting-baqueira-beret\/"},"modified":"2026-01-29T12:35:46","modified_gmt":"2026-01-29T12:35:46","slug":"service-baby-sitting-baqueira-beret","status":"publish","type":"page","link":"https:\/\/www.totiaranalquilerbaqueira.com\/blog\/fr\/service-baby-sitting-baqueira-beret\/","title":{"rendered":"Service de baby-sitting \u00e0 Baqueira Beret"},"content":{"rendered":"\t\t<div data-elementor-type=\"wp-page\" data-elementor-id=\"6752\" class=\"elementor elementor-6752 elementor-3079\" data-elementor-post-type=\"page\">\n\t\t\t\t\t\t<section class=\"elementor-section elementor-top-section elementor-element elementor-element-5f31a0c elementor-section-boxed elementor-section-height-default elementor-section-height-default\" data-id=\"5f31a0c\" data-element_type=\"section\">\n\t\t\t\t\t\t<div class=\"elementor-container elementor-column-gap-default\">\n\t\t\t\t\t<div class=\"elementor-column elementor-col-100 elementor-top-column elementor-element elementor-element-0f143aa\" data-id=\"0f143aa\" data-element_type=\"column\">\n\t\t\t<div class=\"elementor-widget-wrap elementor-element-populated\">\n\t\t\t\t\t\t<div class=\"elementor-element elementor-element-9dfd9cc elementor-widget elementor-widget-heading\" data-id=\"9dfd9cc\" data-element_type=\"widget\" data-widget_type=\"heading.default\">\n\t\t\t\t<div class=\"elementor-widget-container\">\n\t\t\t\t\t<h3 class=\"elementor-heading-title elementor-size-default\">Nous s\u00e9lectionnons des baby-sitters de confiance afin de vous offrir les meilleurs soins pour vos enfants.<\/h3>\t\t\t\t<\/div>\n\t\t\t\t<\/div>\n\t\t\t\t\t<\/div>\n\t\t<\/div>\n\t\t\t\t\t<\/div>\n\t\t<\/section>\n\t\t\t\t<section class=\"elementor-section elementor-top-section elementor-element elementor-element-3d056d5 elementor-section-boxed elementor-section-height-default elementor-section-height-default\" data-id=\"3d056d5\" data-element_type=\"section\">\n\t\t\t\t\t\t<div class=\"elementor-container elementor-column-gap-default\">\n\t\t\t\t\t<div class=\"elementor-column elementor-col-100 elementor-top-column elementor-element elementor-element-cdc17d9\" data-id=\"cdc17d9\" data-element_type=\"column\">\n\t\t\t<div class=\"elementor-widget-wrap elementor-element-populated\">\n\t\t\t\t\t\t<div class=\"elementor-element elementor-element-97b4837 elementor-widget elementor-widget-heading\" data-id=\"97b4837\" data-element_type=\"widget\" data-widget_type=\"heading.default\">\n\t\t\t\t<div class=\"elementor-widget-container\">\n\t\t\t\t\t<h2 class=\"elementor-heading-title elementor-size-default\">Baby-sitters pour enfants \u00e0 Baqueira Beret<\/h2>\t\t\t\t<\/div>\n\t\t\t\t<\/div>\n\t\t\t\t<div class=\"elementor-element elementor-element-fd12e04 elementor-widget elementor-widget-text-editor\" data-id=\"fd12e04\" data-element_type=\"widget\" data-widget_type=\"text-editor.default\">\n\t\t\t\t<div class=\"elementor-widget-container\">\n\t\t\t\t\t\t\t\t\t<p><span style=\"font-weight: 400;\">Passer quelques jours en famille \u00e0 profiter de la saison de ski \u00e0 Baqueira est toujours une exp\u00e9rience enrichissante. Les enfants adorent la neige et les parents aiment toujours voir les petits skieurs faire leurs premiers pas \u00e0 ski ou en snowboard, n&rsquo;est-ce pas&nbsp;? <\/span><\/p><p><span style=\"font-weight: 400;\">Mais vous savez comment \u00e7a se passe\u2026 Parfois, les enfants ne peuvent pas suivre votre rythme, ou ils sont trop petits pour la pratique intensive des sports d&rsquo;hiver. Ou, tout simplement, vous avez envie d&rsquo;un programme pour adultes, rien que vous deux. <\/span><\/p><p><span style=\"font-weight: 400;\">Pour les clients des maisons et appartements de location de TOTIARAN, ce n&rsquo;est jamais un probl\u00e8me. Chez TOTIARAN, nous disposons d&rsquo;un service exclusif de baby-sitters professionnels, exp\u00e9riment\u00e9s dans la garde d&rsquo;enfants, qui s&rsquo;occuperont de vos enfants pendant que vous profitez de vos activit\u00e9s. <\/span><\/p>\t\t\t\t\t\t\t\t<\/div>\n\t\t\t\t<\/div>\n\t\t\t\t<div class=\"elementor-element elementor-element-fbe67d8 elementor-widget elementor-widget-image\" data-id=\"fbe67d8\" data-element_type=\"widget\" data-widget_type=\"image.default\">\n\t\t\t\t<div class=\"elementor-widget-container\">\n\t\t\t\t\t\t\t\t\t\t\t\t\t\t\t<img fetchpriority=\"high\" decoding=\"async\" width=\"800\" height=\"402\" src=\"https:\/\/www.totiaranalquilerbaqueira.com\/blog\/wp-content\/uploads\/2024\/08\/canguros-baqueira.jpg\" class=\"attachment-large size-large wp-image-3090\" alt=\"Servicio de canguro y cuidado de ni\u00f1os en Baqueira\" srcset=\"https:\/\/www.totiaranalquilerbaqueira.com\/blog\/wp-content\/uploads\/2024\/08\/canguros-baqueira.jpg 800w, https:\/\/www.totiaranalquilerbaqueira.com\/blog\/wp-content\/uploads\/2024\/08\/canguros-baqueira-300x151.jpg 300w, https:\/\/www.totiaranalquilerbaqueira.com\/blog\/wp-content\/uploads\/2024\/08\/canguros-baqueira-768x386.jpg 768w\" sizes=\"(max-width: 800px) 100vw, 800px\" \/>\t\t\t\t\t\t\t\t\t\t\t\t\t\t\t<\/div>\n\t\t\t\t<\/div>\n\t\t\t\t\t<\/div>\n\t\t<\/div>\n\t\t\t\t\t<\/div>\n\t\t<\/section>\n\t\t\t\t<section class=\"elementor-section elementor-top-section elementor-element elementor-element-1349be9 elementor-section-boxed elementor-section-height-default elementor-section-height-default\" data-id=\"1349be9\" data-element_type=\"section\">\n\t\t\t\t\t\t<div class=\"elementor-container elementor-column-gap-default\">\n\t\t\t\t\t<div class=\"elementor-column elementor-col-100 elementor-top-column elementor-element elementor-element-029005c\" data-id=\"029005c\" data-element_type=\"column\">\n\t\t\t<div class=\"elementor-widget-wrap elementor-element-populated\">\n\t\t\t\t\t\t<div class=\"elementor-element elementor-element-ea1b53f elementor-widget elementor-widget-heading\" data-id=\"ea1b53f\" data-element_type=\"widget\" data-widget_type=\"heading.default\">\n\t\t\t\t<div class=\"elementor-widget-container\">\n\t\t\t\t\t<h2 class=\"elementor-heading-title elementor-size-default\">Besoin d'une personne de confiance&nbsp;?\n<\/h2>\t\t\t\t<\/div>\n\t\t\t\t<\/div>\n\t\t\t\t<div class=\"elementor-element elementor-element-272de59 elementor-widget elementor-widget-text-editor\" data-id=\"272de59\" data-element_type=\"widget\" data-widget_type=\"text-editor.default\">\n\t\t\t\t<div class=\"elementor-widget-container\">\n\t\t\t\t\t\t\t\t\t<p><span style=\"font-weight: 400;\">Nous l&rsquo;avons. Si vous souhaitez confier vos enfants \u00e0 une personne de confiance pendant que vous montez sur les pistes ou que vous profitez de l&rsquo;occasion pour d\u00e9couvrir un peu plus en profondeur le Val d&rsquo;Aran, nos baby-sitters professionnels sont \u00e0 votre enti\u00e8re disposition.  <\/span><\/p><p><span style=\"font-weight: 400;\">Nous nous chargerons de contacter la baby-sitter pour le jour et la tranche horaire dont vous avez besoin (service \u00e0 l&rsquo;heure) ou nous vous mettrons en contact avec elle pour plus de commodit\u00e9 et de confiance. <\/span><\/p>\t\t\t\t\t\t\t\t<\/div>\n\t\t\t\t<\/div>\n\t\t\t\t\t<\/div>\n\t\t<\/div>\n\t\t\t\t\t<\/div>\n\t\t<\/section>\n\t\t\t\t<section class=\"elementor-section elementor-top-section elementor-element elementor-element-6cd5f299 elementor-section-boxed elementor-section-height-default elementor-section-height-default\" data-id=\"6cd5f299\" data-element_type=\"section\">\n\t\t\t\t\t\t<div class=\"elementor-container elementor-column-gap-default\">\n\t\t\t\t\t<div class=\"elementor-column elementor-col-100 elementor-top-column elementor-element elementor-element-e2b8a48\" data-id=\"e2b8a48\" data-element_type=\"column\">\n\t\t\t<div class=\"elementor-widget-wrap elementor-element-populated\">\n\t\t\t\t\t\t<div class=\"elementor-element elementor-element-1cc2009a elementor-widget elementor-widget-heading\" data-id=\"1cc2009a\" data-element_type=\"widget\" data-widget_type=\"heading.default\">\n\t\t\t\t<div class=\"elementor-widget-container\">\n\t\t\t\t\t<h2 class=\"elementor-heading-title elementor-size-default\">Autres services touristiques que nous proposons \u00e0 Baqueira Beret<\/h2>\t\t\t\t<\/div>\n\t\t\t\t<\/div>\n\t\t\t\t\t<\/div>\n\t\t<\/div>\n\t\t\t\t\t<\/div>\n\t\t<\/section>\n\t\t\t\t<section class=\"elementor-section elementor-top-section elementor-element elementor-element-f306100 elementor-section-boxed elementor-section-height-default elementor-section-height-default\" data-id=\"f306100\" data-element_type=\"section\">\n\t\t\t\t\t\t<div class=\"elementor-container elementor-column-gap-default\">\n\t\t\t\t\t<div class=\"elementor-column elementor-col-25 elementor-top-column elementor-element elementor-element-db58f5e\" data-id=\"db58f5e\" data-element_type=\"column\">\n\t\t\t<div class=\"elementor-widget-wrap elementor-element-populated\">\n\t\t\t\t\t\t<div class=\"elementor-element elementor-element-37ba2a3 elementor-align-center elementor-widget elementor-widget-button\" data-id=\"37ba2a3\" data-element_type=\"widget\" data-widget_type=\"button.default\">\n\t\t\t\t<div class=\"elementor-widget-container\">\n\t\t\t\t\t\t\t\t\t<div class=\"elementor-button-wrapper\">\n\t\t\t\t\t<a class=\"elementor-button elementor-button-link elementor-size-sm\" href=\"https:\/\/www.totiaranalquilerbaqueira.com\/blog\/fr\/on-remplit-votre-frigo-a-baqueira\/\">\n\t\t\t\t\t\t<span class=\"elementor-button-content-wrapper\">\n\t\t\t\t\t\t\t\t\t<span class=\"elementor-button-text\">Nous remplissons votre r\u00e9frig\u00e9rateur<\/span>\n\t\t\t\t\t<\/span>\n\t\t\t\t\t<\/a>\n\t\t\t\t<\/div>\n\t\t\t\t\t\t\t\t<\/div>\n\t\t\t\t<\/div>\n\t\t\t\t\t<\/div>\n\t\t<\/div>\n\t\t\t\t<div class=\"elementor-column elementor-col-25 elementor-top-column elementor-element elementor-element-21f1a79\" data-id=\"21f1a79\" data-element_type=\"column\">\n\t\t\t<div class=\"elementor-widget-wrap elementor-element-populated\">\n\t\t\t\t\t\t<div class=\"elementor-element elementor-element-dd94c59 elementor-align-center elementor-widget elementor-widget-button\" data-id=\"dd94c59\" data-element_type=\"widget\" data-widget_type=\"button.default\">\n\t\t\t\t<div class=\"elementor-widget-container\">\n\t\t\t\t\t\t\t\t\t<div class=\"elementor-button-wrapper\">\n\t\t\t\t\t<a class=\"elementor-button elementor-button-link elementor-size-sm\" href=\"https:\/\/www.totiaranalquilerbaqueira.com\/blog\/fr\/service-baby-sitting-baqueira-beret\/\">\n\t\t\t\t\t\t<span class=\"elementor-button-content-wrapper\">\n\t\t\t\t\t\t\t\t\t<span class=\"elementor-button-text\">Baby-sitting<\/span>\n\t\t\t\t\t<\/span>\n\t\t\t\t\t<\/a>\n\t\t\t\t<\/div>\n\t\t\t\t\t\t\t\t<\/div>\n\t\t\t\t<\/div>\n\t\t\t\t\t<\/div>\n\t\t<\/div>\n\t\t\t\t<div class=\"elementor-column elementor-col-25 elementor-top-column elementor-element elementor-element-3fe48b8\" data-id=\"3fe48b8\" data-element_type=\"column\">\n\t\t\t<div class=\"elementor-widget-wrap elementor-element-populated\">\n\t\t\t\t\t\t<div class=\"elementor-element elementor-element-6a81f31 elementor-align-center elementor-widget elementor-widget-button\" data-id=\"6a81f31\" data-element_type=\"widget\" data-widget_type=\"button.default\">\n\t\t\t\t<div class=\"elementor-widget-container\">\n\t\t\t\t\t\t\t\t\t<div class=\"elementor-button-wrapper\">\n\t\t\t\t\t<a class=\"elementor-button elementor-button-link elementor-size-sm\" href=\"https:\/\/www.totiaranalquilerbaqueira.com\/blog\/fr\/service-de-blanchisserie-a-baqueira\/\">\n\t\t\t\t\t\t<span class=\"elementor-button-content-wrapper\">\n\t\t\t\t\t\t\t\t\t<span class=\"elementor-button-text\">Blanchisserie<\/span>\n\t\t\t\t\t<\/span>\n\t\t\t\t\t<\/a>\n\t\t\t\t<\/div>\n\t\t\t\t\t\t\t\t<\/div>\n\t\t\t\t<\/div>\n\t\t\t\t\t<\/div>\n\t\t<\/div>\n\t\t\t\t<div class=\"elementor-column elementor-col-25 elementor-top-column elementor-element elementor-element-7ad1385\" data-id=\"7ad1385\" data-element_type=\"column\">\n\t\t\t<div class=\"elementor-widget-wrap elementor-element-populated\">\n\t\t\t\t\t\t<div class=\"elementor-element elementor-element-09c21c3 elementor-align-center elementor-widget elementor-widget-button\" data-id=\"09c21c3\" data-element_type=\"widget\" data-widget_type=\"button.default\">\n\t\t\t\t<div class=\"elementor-widget-container\">\n\t\t\t\t\t\t\t\t\t<div class=\"elementor-button-wrapper\">\n\t\t\t\t\t<a class=\"elementor-button elementor-button-link elementor-size-sm\" href=\"https:\/\/www.totiaranalquilerbaqueira.com\/blog\/fr\/transferts-et-taxis-baqueira-vallee-d-aran\/\">\n\t\t\t\t\t\t<span class=\"elementor-button-content-wrapper\">\n\t\t\t\t\t\t\t\t\t<span class=\"elementor-button-text\">Taxi \u00e0 Baqueira<\/span>\n\t\t\t\t\t<\/span>\n\t\t\t\t\t<\/a>\n\t\t\t\t<\/div>\n\t\t\t\t\t\t\t\t<\/div>\n\t\t\t\t<\/div>\n\t\t\t\t\t<\/div>\n\t\t<\/div>\n\t\t\t\t\t<\/div>\n\t\t<\/section>\n\t\t\t\t<\/div>\n\t\t","protected":false},"excerpt":{"rendered":"<p>Nous s\u00e9lectionnons des baby-sitters de confiance afin de vous offrir les meilleurs soins pour vos enfants. Baby-sitters pour enfants \u00e0 Baqueira Beret Passer quelques jours en famille \u00e0 profiter de la saison de ski \u00e0 Baqueira est toujours une exp\u00e9rience enrichissante. Les enfants adorent la neige et les parents aiment toujours voir les petits skieurs [&hellip;]<\/p>\n","protected":false},"author":2,"featured_media":3082,"parent":0,"menu_order":0,"comment_status":"closed","ping_status":"closed","template":"","meta":{"footnotes":""},"class_list":["post-6752","page","type-page","status-publish","has-post-thumbnail","hentry"],"yoast_head":"<!-- This site is optimized with the Yoast SEO plugin v26.6 - https:\/\/yoast.com\/wordpress\/plugins\/seo\/ -->\n<title>Service de baby-sitting pour prendre soin de vos enfants \u00e0 Baqueira Beret<\/title>\n<meta name=\"description\" content=\"Vous cherchez quelqu&#039;un pour s&#039;occuper de vos enfants\u00a0? Toti Rent vous propose un service de garde d&#039;enfants assur\u00e9 par une baby-sitter de confiance.\" \/>\n<meta name=\"robots\" content=\"index, follow, max-snippet:-1, max-image-preview:large, max-video-preview:-1\" \/>\n<link rel=\"canonical\" href=\"https:\/\/www.totiaranalquilerbaqueira.com\/blog\/fr\/service-baby-sitting-baqueira-beret\/\" \/>\n<meta property=\"og:locale\" content=\"fr_FR\" \/>\n<meta property=\"og:type\" content=\"article\" \/>\n<meta property=\"og:title\" content=\"Service de baby-sitting pour prendre soin de vos enfants \u00e0 Baqueira Beret\" \/>\n<meta property=\"og:description\" content=\"Vous cherchez quelqu&#039;un pour s&#039;occuper de vos enfants\u00a0? Toti Rent vous propose un service de garde d&#039;enfants assur\u00e9 par une baby-sitter de confiance.\" \/>\n<meta property=\"og:url\" content=\"https:\/\/www.totiaranalquilerbaqueira.com\/blog\/fr\/service-baby-sitting-baqueira-beret\/\" \/>\n<meta property=\"og:site_name\" content=\"Blog\" \/>\n<meta property=\"article:modified_time\" content=\"2026-01-29T12:35:46+00:00\" \/>\n<meta property=\"og:image\" content=\"https:\/\/www.totiaranalquilerbaqueira.com\/blog\/wp-content\/uploads\/2024\/08\/canguro.jpg\" \/>\n\t<meta property=\"og:image:width\" content=\"1920\" \/>\n\t<meta property=\"og:image:height\" content=\"650\" \/>\n\t<meta property=\"og:image:type\" content=\"image\/jpeg\" \/>\n<meta name=\"twitter:card\" content=\"summary_large_image\" \/>\n<meta name=\"twitter:label1\" content=\"Dur\u00e9e de lecture estim\u00e9e\" \/>\n\t<meta name=\"twitter:data1\" content=\"2 minutes\" \/>\n<script type=\"application\/ld+json\" class=\"yoast-schema-graph\">{\"@context\":\"https:\/\/schema.org\",\"@graph\":[{\"@type\":\"WebPage\",\"@id\":\"https:\/\/www.totiaranalquilerbaqueira.com\/blog\/fr\/service-baby-sitting-baqueira-beret\/\",\"url\":\"https:\/\/www.totiaranalquilerbaqueira.com\/blog\/fr\/service-baby-sitting-baqueira-beret\/\",\"name\":\"Service de baby-sitting pour prendre soin de vos enfants \u00e0 Baqueira Beret\",\"isPartOf\":{\"@id\":\"https:\/\/www.totiaranalquilerbaqueira.com\/blog\/fr\/#website\"},\"primaryImageOfPage\":{\"@id\":\"https:\/\/www.totiaranalquilerbaqueira.com\/blog\/fr\/service-baby-sitting-baqueira-beret\/#primaryimage\"},\"image\":{\"@id\":\"https:\/\/www.totiaranalquilerbaqueira.com\/blog\/fr\/service-baby-sitting-baqueira-beret\/#primaryimage\"},\"thumbnailUrl\":\"https:\/\/www.totiaranalquilerbaqueira.com\/blog\/wp-content\/uploads\/2024\/08\/canguro.jpg\",\"datePublished\":\"2024-08-21T11:20:54+00:00\",\"dateModified\":\"2026-01-29T12:35:46+00:00\",\"description\":\"Vous cherchez quelqu'un pour s'occuper de vos enfants\u00a0? Toti Rent vous propose un service de garde d'enfants assur\u00e9 par une baby-sitter de confiance.\",\"breadcrumb\":{\"@id\":\"https:\/\/www.totiaranalquilerbaqueira.com\/blog\/fr\/service-baby-sitting-baqueira-beret\/#breadcrumb\"},\"inLanguage\":\"fr-FR\",\"potentialAction\":[{\"@type\":\"ReadAction\",\"target\":[\"https:\/\/www.totiaranalquilerbaqueira.com\/blog\/fr\/service-baby-sitting-baqueira-beret\/\"]}]},{\"@type\":\"ImageObject\",\"inLanguage\":\"fr-FR\",\"@id\":\"https:\/\/www.totiaranalquilerbaqueira.com\/blog\/fr\/service-baby-sitting-baqueira-beret\/#primaryimage\",\"url\":\"https:\/\/www.totiaranalquilerbaqueira.com\/blog\/wp-content\/uploads\/2024\/08\/canguro.jpg\",\"contentUrl\":\"https:\/\/www.totiaranalquilerbaqueira.com\/blog\/wp-content\/uploads\/2024\/08\/canguro.jpg\",\"width\":1920,\"height\":650,\"caption\":\"Servicio de canguro en Baqueira\"},{\"@type\":\"BreadcrumbList\",\"@id\":\"https:\/\/www.totiaranalquilerbaqueira.com\/blog\/fr\/service-baby-sitting-baqueira-beret\/#breadcrumb\",\"itemListElement\":[{\"@type\":\"ListItem\",\"position\":1,\"name\":\"Portada\",\"item\":\"https:\/\/www.totiaranalquilerbaqueira.com\/blog\/fr\/\"},{\"@type\":\"ListItem\",\"position\":2,\"name\":\"Service de baby-sitting \u00e0 Baqueira Beret\"}]},{\"@type\":\"WebSite\",\"@id\":\"https:\/\/www.totiaranalquilerbaqueira.com\/blog\/fr\/#website\",\"url\":\"https:\/\/www.totiaranalquilerbaqueira.com\/blog\/fr\/\",\"name\":\"Blog\",\"description\":\"Totiaranalquilerbaqueira\",\"publisher\":{\"@id\":\"https:\/\/www.totiaranalquilerbaqueira.com\/blog\/fr\/#organization\"},\"potentialAction\":[{\"@type\":\"SearchAction\",\"target\":{\"@type\":\"EntryPoint\",\"urlTemplate\":\"https:\/\/www.totiaranalquilerbaqueira.com\/blog\/fr\/?s={search_term_string}\"},\"query-input\":{\"@type\":\"PropertyValueSpecification\",\"valueRequired\":true,\"valueName\":\"search_term_string\"}}],\"inLanguage\":\"fr-FR\"},{\"@type\":\"Organization\",\"@id\":\"https:\/\/www.totiaranalquilerbaqueira.com\/blog\/fr\/#organization\",\"name\":\"Blog\",\"url\":\"https:\/\/www.totiaranalquilerbaqueira.com\/blog\/fr\/\",\"logo\":{\"@type\":\"ImageObject\",\"inLanguage\":\"fr-FR\",\"@id\":\"https:\/\/www.totiaranalquilerbaqueira.com\/blog\/fr\/#\/schema\/logo\/image\/\",\"url\":\"https:\/\/www.totiaranalquilerbaqueira.com\/blog\/wp-content\/uploads\/2024\/08\/logo-totiaran-baqueira.png\",\"contentUrl\":\"https:\/\/www.totiaranalquilerbaqueira.com\/blog\/wp-content\/uploads\/2024\/08\/logo-totiaran-baqueira.png\",\"width\":400,\"height\":84,\"caption\":\"Blog\"},\"image\":{\"@id\":\"https:\/\/www.totiaranalquilerbaqueira.com\/blog\/fr\/#\/schema\/logo\/image\/\"}}]}<\/script>\n<!-- \/ Yoast SEO plugin. -->","yoast_head_json":{"title":"Service de baby-sitting pour prendre soin de vos enfants \u00e0 Baqueira Beret","description":"Vous cherchez quelqu'un pour s'occuper de vos enfants\u00a0? Toti Rent vous propose un service de garde d'enfants assur\u00e9 par une baby-sitter de confiance.","robots":{"index":"index","follow":"follow","max-snippet":"max-snippet:-1","max-image-preview":"max-image-preview:large","max-video-preview":"max-video-preview:-1"},"canonical":"https:\/\/www.totiaranalquilerbaqueira.com\/blog\/fr\/service-baby-sitting-baqueira-beret\/","og_locale":"fr_FR","og_type":"article","og_title":"Service de baby-sitting pour prendre soin de vos enfants \u00e0 Baqueira Beret","og_description":"Vous cherchez quelqu'un pour s'occuper de vos enfants\u00a0? Toti Rent vous propose un service de garde d'enfants assur\u00e9 par une baby-sitter de confiance.","og_url":"https:\/\/www.totiaranalquilerbaqueira.com\/blog\/fr\/service-baby-sitting-baqueira-beret\/","og_site_name":"Blog","article_modified_time":"2026-01-29T12:35:46+00:00","og_image":[{"width":1920,"height":650,"url":"https:\/\/www.totiaranalquilerbaqueira.com\/blog\/wp-content\/uploads\/2024\/08\/canguro.jpg","type":"image\/jpeg"}],"twitter_card":"summary_large_image","twitter_misc":{"Dur\u00e9e de lecture estim\u00e9e":"2 minutes"},"schema":{"@context":"https:\/\/schema.org","@graph":[{"@type":"WebPage","@id":"https:\/\/www.totiaranalquilerbaqueira.com\/blog\/fr\/service-baby-sitting-baqueira-beret\/","url":"https:\/\/www.totiaranalquilerbaqueira.com\/blog\/fr\/service-baby-sitting-baqueira-beret\/","name":"Service de baby-sitting pour prendre soin de vos enfants \u00e0 Baqueira Beret","isPartOf":{"@id":"https:\/\/www.totiaranalquilerbaqueira.com\/blog\/fr\/#website"},"primaryImageOfPage":{"@id":"https:\/\/www.totiaranalquilerbaqueira.com\/blog\/fr\/service-baby-sitting-baqueira-beret\/#primaryimage"},"image":{"@id":"https:\/\/www.totiaranalquilerbaqueira.com\/blog\/fr\/service-baby-sitting-baqueira-beret\/#primaryimage"},"thumbnailUrl":"https:\/\/www.totiaranalquilerbaqueira.com\/blog\/wp-content\/uploads\/2024\/08\/canguro.jpg","datePublished":"2024-08-21T11:20:54+00:00","dateModified":"2026-01-29T12:35:46+00:00","description":"Vous cherchez quelqu'un pour s'occuper de vos enfants\u00a0? Toti Rent vous propose un service de garde d'enfants assur\u00e9 par une baby-sitter de confiance.","breadcrumb":{"@id":"https:\/\/www.totiaranalquilerbaqueira.com\/blog\/fr\/service-baby-sitting-baqueira-beret\/#breadcrumb"},"inLanguage":"fr-FR","potentialAction":[{"@type":"ReadAction","target":["https:\/\/www.totiaranalquilerbaqueira.com\/blog\/fr\/service-baby-sitting-baqueira-beret\/"]}]},{"@type":"ImageObject","inLanguage":"fr-FR","@id":"https:\/\/www.totiaranalquilerbaqueira.com\/blog\/fr\/service-baby-sitting-baqueira-beret\/#primaryimage","url":"https:\/\/www.totiaranalquilerbaqueira.com\/blog\/wp-content\/uploads\/2024\/08\/canguro.jpg","contentUrl":"https:\/\/www.totiaranalquilerbaqueira.com\/blog\/wp-content\/uploads\/2024\/08\/canguro.jpg","width":1920,"height":650,"caption":"Servicio de canguro en Baqueira"},{"@type":"BreadcrumbList","@id":"https:\/\/www.totiaranalquilerbaqueira.com\/blog\/fr\/service-baby-sitting-baqueira-beret\/#breadcrumb","itemListElement":[{"@type":"ListItem","position":1,"name":"Portada","item":"https:\/\/www.totiaranalquilerbaqueira.com\/blog\/fr\/"},{"@type":"ListItem","position":2,"name":"Service de baby-sitting \u00e0 Baqueira Beret"}]},{"@type":"WebSite","@id":"https:\/\/www.totiaranalquilerbaqueira.com\/blog\/fr\/#website","url":"https:\/\/www.totiaranalquilerbaqueira.com\/blog\/fr\/","name":"Blog","description":"Totiaranalquilerbaqueira","publisher":{"@id":"https:\/\/www.totiaranalquilerbaqueira.com\/blog\/fr\/#organization"},"potentialAction":[{"@type":"SearchAction","target":{"@type":"EntryPoint","urlTemplate":"https:\/\/www.totiaranalquilerbaqueira.com\/blog\/fr\/?s={search_term_string}"},"query-input":{"@type":"PropertyValueSpecification","valueRequired":true,"valueName":"search_term_string"}}],"inLanguage":"fr-FR"},{"@type":"Organization","@id":"https:\/\/www.totiaranalquilerbaqueira.com\/blog\/fr\/#organization","name":"Blog","url":"https:\/\/www.totiaranalquilerbaqueira.com\/blog\/fr\/","logo":{"@type":"ImageObject","inLanguage":"fr-FR","@id":"https:\/\/www.totiaranalquilerbaqueira.com\/blog\/fr\/#\/schema\/logo\/image\/","url":"https:\/\/www.totiaranalquilerbaqueira.com\/blog\/wp-content\/uploads\/2024\/08\/logo-totiaran-baqueira.png","contentUrl":"https:\/\/www.totiaranalquilerbaqueira.com\/blog\/wp-content\/uploads\/2024\/08\/logo-totiaran-baqueira.png","width":400,"height":84,"caption":"Blog"},"image":{"@id":"https:\/\/www.totiaranalquilerbaqueira.com\/blog\/fr\/#\/schema\/logo\/image\/"}}]}},"_links":{"self":[{"href":"https:\/\/www.totiaranalquilerbaqueira.com\/blog\/fr\/wp-json\/wp\/v2\/pages\/6752","targetHints":{"allow":["GET"]}}],"collection":[{"href":"https:\/\/www.totiaranalquilerbaqueira.com\/blog\/fr\/wp-json\/wp\/v2\/pages"}],"about":[{"href":"https:\/\/www.totiaranalquilerbaqueira.com\/blog\/fr\/wp-json\/wp\/v2\/types\/page"}],"author":[{"embeddable":true,"href":"https:\/\/www.totiaranalquilerbaqueira.com\/blog\/fr\/wp-json\/wp\/v2\/users\/2"}],"replies":[{"embeddable":true,"href":"https:\/\/www.totiaranalquilerbaqueira.com\/blog\/fr\/wp-json\/wp\/v2\/comments?post=6752"}],"version-history":[{"count":4,"href":"https:\/\/www.totiaranalquilerbaqueira.com\/blog\/fr\/wp-json\/wp\/v2\/pages\/6752\/revisions"}],"predecessor-version":[{"id":6868,"href":"https:\/\/www.totiaranalquilerbaqueira.com\/blog\/fr\/wp-json\/wp\/v2\/pages\/6752\/revisions\/6868"}],"wp:featuredmedia":[{"embeddable":true,"href":"https:\/\/www.totiaranalquilerbaqueira.com\/blog\/fr\/wp-json\/wp\/v2\/media\/3082"}],"wp:attachment":[{"href":"https:\/\/www.totiaranalquilerbaqueira.com\/blog\/fr\/wp-json\/wp\/v2\/media?parent=6752"}],"curies":[{"name":"wp","href":"https:\/\/api.w.org\/{rel}","templated":true}]}}