{"id":6746,"date":"2024-08-21T11:45:35","date_gmt":"2024-08-21T11:45:35","guid":{"rendered":"https:\/\/www.totiaranalquilerbaqueira.com\/blog\/transferts-et-taxis-baqueira-vallee-d-aran\/"},"modified":"2026-01-29T12:36:22","modified_gmt":"2026-01-29T12:36:22","slug":"transferts-et-taxis-baqueira-vallee-d-aran","status":"publish","type":"page","link":"https:\/\/www.totiaranalquilerbaqueira.com\/blog\/fr\/transferts-et-taxis-baqueira-vallee-d-aran\/","title":{"rendered":"Transferts et taxis \u00e0 Baqueira et dans la vall\u00e9e d\u2019Aran"},"content":{"rendered":"\t\t<div data-elementor-type=\"wp-page\" data-elementor-id=\"6746\" class=\"elementor elementor-6746 elementor-3106\" data-elementor-post-type=\"page\">\n\t\t\t\t\t\t<section class=\"elementor-section elementor-top-section elementor-element elementor-element-967c117 elementor-section-boxed elementor-section-height-default elementor-section-height-default\" data-id=\"967c117\" data-element_type=\"section\">\n\t\t\t\t\t\t<div class=\"elementor-container elementor-column-gap-default\">\n\t\t\t\t\t<div class=\"elementor-column elementor-col-100 elementor-top-column elementor-element elementor-element-69decb3\" data-id=\"69decb3\" data-element_type=\"column\">\n\t\t\t<div class=\"elementor-widget-wrap elementor-element-populated\">\n\t\t\t\t\t\t<div class=\"elementor-element elementor-element-82fa6bd elementor-widget elementor-widget-heading\" data-id=\"82fa6bd\" data-element_type=\"widget\" data-widget_type=\"heading.default\">\n\t\t\t\t<div class=\"elementor-widget-container\">\n\t\t\t\t\t<h2 class=\"elementor-heading-title elementor-size-default\">Nous vous emmenons o\u00f9 vous voulez\n<\/h2>\t\t\t\t<\/div>\n\t\t\t\t<\/div>\n\t\t\t\t<div class=\"elementor-element elementor-element-8fa4b6e elementor-widget elementor-widget-text-editor\" data-id=\"8fa4b6e\" data-element_type=\"widget\" data-widget_type=\"text-editor.default\">\n\t\t\t\t<div class=\"elementor-widget-container\">\n\t\t\t\t\t\t\t\t\t<p><span style=\"font-weight: 400;\">Chez TOTIARAN, nous offrons \u00e0 tous les clients de nos appartements et maisons de location \u00e0 Baqueira Beret et dans la vall\u00e9e d\u2019Aran un service exclusif de taxi et de transfert,<\/span> <b>en toute saison et dans toute l\u2019Europe.<\/b><span style=\"font-weight: 400;\"> <\/span><\/p><p><span style=\"font-weight: 400;\">Le service de taxis et de transferts de TOTIARAN est disponible 24&nbsp;heures sur 24, 365&nbsp;jours par an. Nos chauffeurs peuvent venir vous chercher o\u00f9 que vous soyez et vous emmener \u00e0 la destination indiqu\u00e9e. <\/span><\/p><p><span style=\"font-weight: 400;\">Parmi les destinations les plus courantes de nos clients, on trouve des villes comme Lleida, Barcelone, Madrid, Toulouse ou Tarbes. Nos chauffeurs de taxi vous accompagneront \u00e9galement aux principaux a\u00e9roports de Barcelone ou de Madrid, aux ports, aux gares&nbsp;AVE de Lleida, Huesca, Saragosse ou Barcelone, etc.  <\/span><\/p><p><b>O\u00f9 vous voulez, quelle que soit votre destination.<\/b><span style=\"font-weight: 400;\">  Pour monter sur les pistes, pour vous rendre dans les zones proches pour vos repas, d\u00eeners, \u00e9v\u00e9nements ou moments de loisirs, etc. Et m\u00eame, si vous le souhaitez, nous vous emmenons partout en Europe. <\/span><\/p><p><b>Tout cela \u00e0 des prix exclusifs,<\/b> <span style=\"font-weight: 400;\">parce que vous \u00eates clients de nos maisons et appartements de location \u00e0 Baqueira et dans la vall\u00e9e d\u2019Aran.<\/span><\/p>\t\t\t\t\t\t\t\t<\/div>\n\t\t\t\t<\/div>\n\t\t\t\t<div class=\"elementor-element elementor-element-c8cca20 elementor-widget elementor-widget-image\" data-id=\"c8cca20\" data-element_type=\"widget\" data-widget_type=\"image.default\">\n\t\t\t\t<div class=\"elementor-widget-container\">\n\t\t\t\t\t\t\t\t\t\t\t\t\t\t\t<img fetchpriority=\"high\" decoding=\"async\" width=\"724\" height=\"390\" src=\"https:\/\/www.totiaranalquilerbaqueira.com\/blog\/wp-content\/uploads\/2024\/08\/taxi-traslados-baqueira.jpg\" class=\"attachment-large size-large wp-image-3120\" alt=\"Taxis y traslados en Baqueira\" srcset=\"https:\/\/www.totiaranalquilerbaqueira.com\/blog\/wp-content\/uploads\/2024\/08\/taxi-traslados-baqueira.jpg 724w, https:\/\/www.totiaranalquilerbaqueira.com\/blog\/wp-content\/uploads\/2024\/08\/taxi-traslados-baqueira-300x162.jpg 300w\" sizes=\"(max-width: 724px) 100vw, 724px\" \/>\t\t\t\t\t\t\t\t\t\t\t\t\t\t\t<\/div>\n\t\t\t\t<\/div>\n\t\t\t\t\t<\/div>\n\t\t<\/div>\n\t\t\t\t\t<\/div>\n\t\t<\/section>\n\t\t\t\t<section class=\"elementor-section elementor-top-section elementor-element elementor-element-7443f17 elementor-section-boxed elementor-section-height-default elementor-section-height-default\" data-id=\"7443f17\" data-element_type=\"section\">\n\t\t\t\t\t\t<div class=\"elementor-container elementor-column-gap-default\">\n\t\t\t\t\t<div class=\"elementor-column elementor-col-100 elementor-top-column elementor-element elementor-element-9723364\" data-id=\"9723364\" data-element_type=\"column\">\n\t\t\t<div class=\"elementor-widget-wrap elementor-element-populated\">\n\t\t\t\t\t\t<div class=\"elementor-element elementor-element-939f04e elementor-widget elementor-widget-heading\" data-id=\"939f04e\" data-element_type=\"widget\" data-widget_type=\"heading.default\">\n\t\t\t\t<div class=\"elementor-widget-container\">\n\t\t\t\t\t<h2 class=\"elementor-heading-title elementor-size-default\">Services sp\u00e9ciaux d\u2019\u00e9t\u00e9<\/h2>\t\t\t\t<\/div>\n\t\t\t\t<\/div>\n\t\t\t\t<div class=\"elementor-element elementor-element-b7f5936 elementor-widget elementor-widget-text-editor\" data-id=\"b7f5936\" data-element_type=\"widget\" data-widget_type=\"text-editor.default\">\n\t\t\t\t<div class=\"elementor-widget-container\">\n\t\t\t\t\t\t\t\t\t<p><span style=\"font-weight: 400;\">En \u00e9t\u00e9, de nombreux visiteurs viennent dans nos maisons et appartements de la vall\u00e9e d\u2019Aran pour pratiquer des activit\u00e9s de plein air, telles que la<\/span> <span style=\"font-weight: 400;\">randonn\u00e9e, le running en montagne, le VTT, etc.<\/span> <span style=\"font-weight: 400;\"> <\/span><span style=\"font-weight: 400;\">\ud83e\udc6aACTIVIT\u00c9S ESTIVALES<\/span><\/p><p> <\/p><p><span style=\"font-weight: 400;\">Parmi les destinations de la r\u00e9gion les plus demand\u00e9es par nos clients en \u00e9t\u00e9, on trouve Artiga de Lin, Varrados, Montgarri, la vall\u00e9e de Toran ou le parc national d\u2019Aig\u00fcestortes et du lac de San Mauricio. <\/span><\/p><p><br><span style=\"font-weight: 400;\">En \u00e9t\u00e9, profitez de notre<\/span> <b>service de transfert et de prise en charge des excursionnistes et des sportifs<\/b><span style=\"font-weight: 400;\">  dans toute la vall\u00e9e d\u2019Aran. Il vous suffit de le demander et nous serons ravis de venir vous chercher, avec tout votre mat\u00e9riel&nbsp;: sacs \u00e0 dos, v\u00e9los, tentes, mat\u00e9riel de randonn\u00e9e, etc.  <\/span><\/p>\t\t\t\t\t\t\t\t<\/div>\n\t\t\t\t<\/div>\n\t\t\t\t\t<\/div>\n\t\t<\/div>\n\t\t\t\t\t<\/div>\n\t\t<\/section>\n\t\t\t\t<section class=\"elementor-section elementor-top-section elementor-element elementor-element-ddef1c7 elementor-section-boxed elementor-section-height-default elementor-section-height-default\" data-id=\"ddef1c7\" data-element_type=\"section\">\n\t\t\t\t\t\t<div class=\"elementor-container elementor-column-gap-default\">\n\t\t\t\t\t<div class=\"elementor-column elementor-col-100 elementor-top-column elementor-element elementor-element-c3ca427\" data-id=\"c3ca427\" data-element_type=\"column\">\n\t\t\t<div class=\"elementor-widget-wrap elementor-element-populated\">\n\t\t\t\t\t\t<div class=\"elementor-element elementor-element-3cd07a4 elementor-widget elementor-widget-heading\" data-id=\"3cd07a4\" data-element_type=\"widget\" data-widget_type=\"heading.default\">\n\t\t\t\t<div class=\"elementor-widget-container\">\n\t\t\t\t\t<h2 class=\"elementor-heading-title elementor-size-default\">Demandez un service de taxi ou consultez les tarifs et les disponibilit\u00e9s<\/h2>\t\t\t\t<\/div>\n\t\t\t\t<\/div>\n\t\t\t\t<div class=\"elementor-element elementor-element-5a5ec74 elementor-widget elementor-widget-text-editor\" data-id=\"5a5ec74\" data-element_type=\"widget\" data-widget_type=\"text-editor.default\">\n\t\t\t\t<div class=\"elementor-widget-container\">\n\t\t\t\t\t\t\t\t\t<ul><li style=\"list-style-type: none;\"><ul><li style=\"font-weight: 400;\" aria-level=\"1\"><b>Service de taxi, Oscar Nart Moga<\/b> <span style=\"font-weight: 400;\">. <a href=\"tel:+34639300860\">639300860<\/a> <\/span> <\/li><li style=\"font-weight: 400;\" aria-level=\"1\"><b>Joan Berdie Peguera<\/b><span style=\"font-weight: 400;\">. T\u00e9l. <a href=\"tel:619791507\">619&nbsp;79&nbsp;15&nbsp;07<\/a> &#8211; <a href=\"https:\/\/taxivielha.com\/\">www.taxivielha.com<\/a><\/span><\/li><li style=\"font-weight: 400;\" aria-level=\"1\"><b>Jose M\u00aa Verg\u00e9s Moga&nbsp;:<\/b> <span style=\"font-weight: 400;\">T\u00e9l. <a href=\"tel:639110642\">639&nbsp;11&nbsp;06&nbsp;42<\/a> &#8211; <\/span><a href=\"mailto:espanholet@hotmail.com\"><span style=\"font-weight: 400;\">espanholet@hotmail.com<\/span><\/a><\/li><\/ul><\/li><\/ul><p> <\/p>\t\t\t\t\t\t\t\t<\/div>\n\t\t\t\t<\/div>\n\t\t\t\t\t<\/div>\n\t\t<\/div>\n\t\t\t\t\t<\/div>\n\t\t<\/section>\n\t\t\t\t<section class=\"elementor-section elementor-top-section elementor-element elementor-element-2ec5c612 elementor-section-boxed elementor-section-height-default elementor-section-height-default\" data-id=\"2ec5c612\" data-element_type=\"section\">\n\t\t\t\t\t\t<div class=\"elementor-container elementor-column-gap-default\">\n\t\t\t\t\t<div class=\"elementor-column elementor-col-100 elementor-top-column elementor-element elementor-element-5281973b\" data-id=\"5281973b\" data-element_type=\"column\">\n\t\t\t<div class=\"elementor-widget-wrap elementor-element-populated\">\n\t\t\t\t\t\t<div class=\"elementor-element elementor-element-5d06e3fe elementor-widget elementor-widget-heading\" data-id=\"5d06e3fe\" data-element_type=\"widget\" data-widget_type=\"heading.default\">\n\t\t\t\t<div class=\"elementor-widget-container\">\n\t\t\t\t\t<h2 class=\"elementor-heading-title elementor-size-default\">Autres services touristiques que nous proposons \u00e0 Baqueira Beret<\/h2>\t\t\t\t<\/div>\n\t\t\t\t<\/div>\n\t\t\t\t\t<\/div>\n\t\t<\/div>\n\t\t\t\t\t<\/div>\n\t\t<\/section>\n\t\t\t\t<section class=\"elementor-section elementor-top-section elementor-element elementor-element-6c229f3 elementor-section-boxed elementor-section-height-default elementor-section-height-default\" data-id=\"6c229f3\" data-element_type=\"section\">\n\t\t\t\t\t\t<div class=\"elementor-container elementor-column-gap-default\">\n\t\t\t\t\t<div class=\"elementor-column elementor-col-25 elementor-top-column elementor-element elementor-element-ed95deb\" data-id=\"ed95deb\" data-element_type=\"column\">\n\t\t\t<div class=\"elementor-widget-wrap elementor-element-populated\">\n\t\t\t\t\t\t<div class=\"elementor-element elementor-element-7da473f elementor-align-center elementor-widget elementor-widget-button\" data-id=\"7da473f\" data-element_type=\"widget\" data-widget_type=\"button.default\">\n\t\t\t\t<div class=\"elementor-widget-container\">\n\t\t\t\t\t\t\t\t\t<div class=\"elementor-button-wrapper\">\n\t\t\t\t\t<a class=\"elementor-button elementor-button-link elementor-size-sm\" href=\"https:\/\/www.totiaranalquilerbaqueira.com\/blog\/fr\/on-remplit-votre-frigo-a-baqueira\/\">\n\t\t\t\t\t\t<span class=\"elementor-button-content-wrapper\">\n\t\t\t\t\t\t\t\t\t<span class=\"elementor-button-text\">Nous remplissons votre r\u00e9frig\u00e9rateur<\/span>\n\t\t\t\t\t<\/span>\n\t\t\t\t\t<\/a>\n\t\t\t\t<\/div>\n\t\t\t\t\t\t\t\t<\/div>\n\t\t\t\t<\/div>\n\t\t\t\t\t<\/div>\n\t\t<\/div>\n\t\t\t\t<div class=\"elementor-column elementor-col-25 elementor-top-column elementor-element elementor-element-29ccad7\" data-id=\"29ccad7\" data-element_type=\"column\">\n\t\t\t<div class=\"elementor-widget-wrap elementor-element-populated\">\n\t\t\t\t\t\t<div class=\"elementor-element elementor-element-365a76c elementor-align-center elementor-widget elementor-widget-button\" data-id=\"365a76c\" data-element_type=\"widget\" data-widget_type=\"button.default\">\n\t\t\t\t<div class=\"elementor-widget-container\">\n\t\t\t\t\t\t\t\t\t<div class=\"elementor-button-wrapper\">\n\t\t\t\t\t<a class=\"elementor-button elementor-button-link elementor-size-sm\" href=\"https:\/\/www.totiaranalquilerbaqueira.com\/blog\/fr\/service-baby-sitting-baqueira-beret\/\">\n\t\t\t\t\t\t<span class=\"elementor-button-content-wrapper\">\n\t\t\t\t\t\t\t\t\t<span class=\"elementor-button-text\">Baby-sitting<\/span>\n\t\t\t\t\t<\/span>\n\t\t\t\t\t<\/a>\n\t\t\t\t<\/div>\n\t\t\t\t\t\t\t\t<\/div>\n\t\t\t\t<\/div>\n\t\t\t\t\t<\/div>\n\t\t<\/div>\n\t\t\t\t<div class=\"elementor-column elementor-col-25 elementor-top-column elementor-element elementor-element-4084ccb\" data-id=\"4084ccb\" data-element_type=\"column\">\n\t\t\t<div class=\"elementor-widget-wrap elementor-element-populated\">\n\t\t\t\t\t\t<div class=\"elementor-element elementor-element-c4c7836 elementor-align-center elementor-widget elementor-widget-button\" data-id=\"c4c7836\" data-element_type=\"widget\" data-widget_type=\"button.default\">\n\t\t\t\t<div class=\"elementor-widget-container\">\n\t\t\t\t\t\t\t\t\t<div class=\"elementor-button-wrapper\">\n\t\t\t\t\t<a class=\"elementor-button elementor-button-link elementor-size-sm\" href=\"https:\/\/www.totiaranalquilerbaqueira.com\/blog\/fr\/service-de-blanchisserie-a-baqueira\/\">\n\t\t\t\t\t\t<span class=\"elementor-button-content-wrapper\">\n\t\t\t\t\t\t\t\t\t<span class=\"elementor-button-text\">Blanchisserie<\/span>\n\t\t\t\t\t<\/span>\n\t\t\t\t\t<\/a>\n\t\t\t\t<\/div>\n\t\t\t\t\t\t\t\t<\/div>\n\t\t\t\t<\/div>\n\t\t\t\t\t<\/div>\n\t\t<\/div>\n\t\t\t\t<div class=\"elementor-column elementor-col-25 elementor-top-column elementor-element elementor-element-545c55a\" data-id=\"545c55a\" data-element_type=\"column\">\n\t\t\t<div class=\"elementor-widget-wrap elementor-element-populated\">\n\t\t\t\t\t\t<div class=\"elementor-element elementor-element-1ba9691 elementor-align-center elementor-widget elementor-widget-button\" data-id=\"1ba9691\" data-element_type=\"widget\" data-widget_type=\"button.default\">\n\t\t\t\t<div class=\"elementor-widget-container\">\n\t\t\t\t\t\t\t\t\t<div class=\"elementor-button-wrapper\">\n\t\t\t\t\t<a class=\"elementor-button elementor-button-link elementor-size-sm\" href=\"https:\/\/www.totiaranalquilerbaqueira.com\/blog\/fr\/transferts-et-taxis-baqueira-vallee-d-aran\/\">\n\t\t\t\t\t\t<span class=\"elementor-button-content-wrapper\">\n\t\t\t\t\t\t\t\t\t<span class=\"elementor-button-text\">Taxi \u00e0 Baqueira<\/span>\n\t\t\t\t\t<\/span>\n\t\t\t\t\t<\/a>\n\t\t\t\t<\/div>\n\t\t\t\t\t\t\t\t<\/div>\n\t\t\t\t<\/div>\n\t\t\t\t\t<\/div>\n\t\t<\/div>\n\t\t\t\t\t<\/div>\n\t\t<\/section>\n\t\t\t\t<\/div>\n\t\t","protected":false},"excerpt":{"rendered":"<p>Nous vous emmenons o\u00f9 vous voulez Chez TOTIARAN, nous offrons \u00e0 tous les clients de nos appartements et maisons de location \u00e0 Baqueira Beret et dans la vall\u00e9e d\u2019Aran un service exclusif de taxi et de transfert, en toute saison et dans toute l\u2019Europe. Le service de taxis et de transferts de TOTIARAN est disponible [&hellip;]<\/p>\n","protected":false},"author":2,"featured_media":3109,"parent":0,"menu_order":0,"comment_status":"closed","ping_status":"closed","template":"","meta":{"footnotes":""},"class_list":["post-6746","page","type-page","status-publish","has-post-thumbnail","hentry"],"yoast_head":"<!-- This site is optimized with the Yoast SEO plugin v26.6 - https:\/\/yoast.com\/wordpress\/plugins\/seo\/ -->\n<title>Transferts et taxis \u00e0 Baqueira et dans la vall\u00e9e d\u2019Aran<\/title>\n<meta name=\"description\" content=\"Besoin d\u2019un moyen de transport\u00a0? Une urgence dans la r\u00e9gion\u00a0? Nous proposons des services de taxi \u00e0 Baqueira et dans la vall\u00e9e d\u2019Aran.\" \/>\n<meta name=\"robots\" content=\"index, follow, max-snippet:-1, max-image-preview:large, max-video-preview:-1\" \/>\n<link rel=\"canonical\" href=\"https:\/\/www.totiaranalquilerbaqueira.com\/blog\/fr\/transferts-et-taxis-baqueira-vallee-d-aran\/\" \/>\n<meta property=\"og:locale\" content=\"fr_FR\" \/>\n<meta property=\"og:type\" content=\"article\" \/>\n<meta property=\"og:title\" content=\"Transferts et taxis \u00e0 Baqueira et dans la vall\u00e9e d\u2019Aran\" \/>\n<meta property=\"og:description\" content=\"Besoin d\u2019un moyen de transport\u00a0? Une urgence dans la r\u00e9gion\u00a0? Nous proposons des services de taxi \u00e0 Baqueira et dans la vall\u00e9e d\u2019Aran.\" \/>\n<meta property=\"og:url\" content=\"https:\/\/www.totiaranalquilerbaqueira.com\/blog\/fr\/transferts-et-taxis-baqueira-vallee-d-aran\/\" \/>\n<meta property=\"og:site_name\" content=\"Blog\" \/>\n<meta property=\"article:modified_time\" content=\"2026-01-29T12:36:22+00:00\" \/>\n<meta property=\"og:image\" content=\"https:\/\/www.totiaranalquilerbaqueira.com\/blog\/wp-content\/uploads\/2024\/08\/taxi-baqueira.jpg\" \/>\n\t<meta property=\"og:image:width\" content=\"1920\" \/>\n\t<meta property=\"og:image:height\" content=\"650\" \/>\n\t<meta property=\"og:image:type\" content=\"image\/jpeg\" \/>\n<meta name=\"twitter:card\" content=\"summary_large_image\" \/>\n<meta name=\"twitter:label1\" content=\"Dur\u00e9e de lecture estim\u00e9e\" \/>\n\t<meta name=\"twitter:data1\" content=\"3 minutes\" \/>\n<script type=\"application\/ld+json\" class=\"yoast-schema-graph\">{\"@context\":\"https:\/\/schema.org\",\"@graph\":[{\"@type\":\"WebPage\",\"@id\":\"https:\/\/www.totiaranalquilerbaqueira.com\/blog\/fr\/transferts-et-taxis-baqueira-vallee-d-aran\/\",\"url\":\"https:\/\/www.totiaranalquilerbaqueira.com\/blog\/fr\/transferts-et-taxis-baqueira-vallee-d-aran\/\",\"name\":\"Transferts et taxis \u00e0 Baqueira et dans la vall\u00e9e d\u2019Aran\",\"isPartOf\":{\"@id\":\"https:\/\/www.totiaranalquilerbaqueira.com\/blog\/fr\/#website\"},\"primaryImageOfPage\":{\"@id\":\"https:\/\/www.totiaranalquilerbaqueira.com\/blog\/fr\/transferts-et-taxis-baqueira-vallee-d-aran\/#primaryimage\"},\"image\":{\"@id\":\"https:\/\/www.totiaranalquilerbaqueira.com\/blog\/fr\/transferts-et-taxis-baqueira-vallee-d-aran\/#primaryimage\"},\"thumbnailUrl\":\"https:\/\/www.totiaranalquilerbaqueira.com\/blog\/wp-content\/uploads\/2024\/08\/taxi-baqueira.jpg\",\"datePublished\":\"2024-08-21T11:45:35+00:00\",\"dateModified\":\"2026-01-29T12:36:22+00:00\",\"description\":\"Besoin d\u2019un moyen de transport\u00a0? Une urgence dans la r\u00e9gion\u00a0? Nous proposons des services de taxi \u00e0 Baqueira et dans la vall\u00e9e d\u2019Aran.\",\"breadcrumb\":{\"@id\":\"https:\/\/www.totiaranalquilerbaqueira.com\/blog\/fr\/transferts-et-taxis-baqueira-vallee-d-aran\/#breadcrumb\"},\"inLanguage\":\"fr-FR\",\"potentialAction\":[{\"@type\":\"ReadAction\",\"target\":[\"https:\/\/www.totiaranalquilerbaqueira.com\/blog\/fr\/transferts-et-taxis-baqueira-vallee-d-aran\/\"]}]},{\"@type\":\"ImageObject\",\"inLanguage\":\"fr-FR\",\"@id\":\"https:\/\/www.totiaranalquilerbaqueira.com\/blog\/fr\/transferts-et-taxis-baqueira-vallee-d-aran\/#primaryimage\",\"url\":\"https:\/\/www.totiaranalquilerbaqueira.com\/blog\/wp-content\/uploads\/2024\/08\/taxi-baqueira.jpg\",\"contentUrl\":\"https:\/\/www.totiaranalquilerbaqueira.com\/blog\/wp-content\/uploads\/2024\/08\/taxi-baqueira.jpg\",\"width\":1920,\"height\":650,\"caption\":\"servicio de taxi y traslados en Baqueira y el valle de Aran\"},{\"@type\":\"BreadcrumbList\",\"@id\":\"https:\/\/www.totiaranalquilerbaqueira.com\/blog\/fr\/transferts-et-taxis-baqueira-vallee-d-aran\/#breadcrumb\",\"itemListElement\":[{\"@type\":\"ListItem\",\"position\":1,\"name\":\"Portada\",\"item\":\"https:\/\/www.totiaranalquilerbaqueira.com\/blog\/fr\/\"},{\"@type\":\"ListItem\",\"position\":2,\"name\":\"Transferts et taxis \u00e0 Baqueira et dans la vall\u00e9e d\u2019Aran\"}]},{\"@type\":\"WebSite\",\"@id\":\"https:\/\/www.totiaranalquilerbaqueira.com\/blog\/fr\/#website\",\"url\":\"https:\/\/www.totiaranalquilerbaqueira.com\/blog\/fr\/\",\"name\":\"Blog\",\"description\":\"Totiaranalquilerbaqueira\",\"publisher\":{\"@id\":\"https:\/\/www.totiaranalquilerbaqueira.com\/blog\/fr\/#organization\"},\"potentialAction\":[{\"@type\":\"SearchAction\",\"target\":{\"@type\":\"EntryPoint\",\"urlTemplate\":\"https:\/\/www.totiaranalquilerbaqueira.com\/blog\/fr\/?s={search_term_string}\"},\"query-input\":{\"@type\":\"PropertyValueSpecification\",\"valueRequired\":true,\"valueName\":\"search_term_string\"}}],\"inLanguage\":\"fr-FR\"},{\"@type\":\"Organization\",\"@id\":\"https:\/\/www.totiaranalquilerbaqueira.com\/blog\/fr\/#organization\",\"name\":\"Blog\",\"url\":\"https:\/\/www.totiaranalquilerbaqueira.com\/blog\/fr\/\",\"logo\":{\"@type\":\"ImageObject\",\"inLanguage\":\"fr-FR\",\"@id\":\"https:\/\/www.totiaranalquilerbaqueira.com\/blog\/fr\/#\/schema\/logo\/image\/\",\"url\":\"https:\/\/www.totiaranalquilerbaqueira.com\/blog\/wp-content\/uploads\/2024\/08\/logo-totiaran-baqueira.png\",\"contentUrl\":\"https:\/\/www.totiaranalquilerbaqueira.com\/blog\/wp-content\/uploads\/2024\/08\/logo-totiaran-baqueira.png\",\"width\":400,\"height\":84,\"caption\":\"Blog\"},\"image\":{\"@id\":\"https:\/\/www.totiaranalquilerbaqueira.com\/blog\/fr\/#\/schema\/logo\/image\/\"}}]}<\/script>\n<!-- \/ Yoast SEO plugin. -->","yoast_head_json":{"title":"Transferts et taxis \u00e0 Baqueira et dans la vall\u00e9e d\u2019Aran","description":"Besoin d\u2019un moyen de transport\u00a0? Une urgence dans la r\u00e9gion\u00a0? Nous proposons des services de taxi \u00e0 Baqueira et dans la vall\u00e9e d\u2019Aran.","robots":{"index":"index","follow":"follow","max-snippet":"max-snippet:-1","max-image-preview":"max-image-preview:large","max-video-preview":"max-video-preview:-1"},"canonical":"https:\/\/www.totiaranalquilerbaqueira.com\/blog\/fr\/transferts-et-taxis-baqueira-vallee-d-aran\/","og_locale":"fr_FR","og_type":"article","og_title":"Transferts et taxis \u00e0 Baqueira et dans la vall\u00e9e d\u2019Aran","og_description":"Besoin d\u2019un moyen de transport\u00a0? Une urgence dans la r\u00e9gion\u00a0? Nous proposons des services de taxi \u00e0 Baqueira et dans la vall\u00e9e d\u2019Aran.","og_url":"https:\/\/www.totiaranalquilerbaqueira.com\/blog\/fr\/transferts-et-taxis-baqueira-vallee-d-aran\/","og_site_name":"Blog","article_modified_time":"2026-01-29T12:36:22+00:00","og_image":[{"width":1920,"height":650,"url":"https:\/\/www.totiaranalquilerbaqueira.com\/blog\/wp-content\/uploads\/2024\/08\/taxi-baqueira.jpg","type":"image\/jpeg"}],"twitter_card":"summary_large_image","twitter_misc":{"Dur\u00e9e de lecture estim\u00e9e":"3 minutes"},"schema":{"@context":"https:\/\/schema.org","@graph":[{"@type":"WebPage","@id":"https:\/\/www.totiaranalquilerbaqueira.com\/blog\/fr\/transferts-et-taxis-baqueira-vallee-d-aran\/","url":"https:\/\/www.totiaranalquilerbaqueira.com\/blog\/fr\/transferts-et-taxis-baqueira-vallee-d-aran\/","name":"Transferts et taxis \u00e0 Baqueira et dans la vall\u00e9e d\u2019Aran","isPartOf":{"@id":"https:\/\/www.totiaranalquilerbaqueira.com\/blog\/fr\/#website"},"primaryImageOfPage":{"@id":"https:\/\/www.totiaranalquilerbaqueira.com\/blog\/fr\/transferts-et-taxis-baqueira-vallee-d-aran\/#primaryimage"},"image":{"@id":"https:\/\/www.totiaranalquilerbaqueira.com\/blog\/fr\/transferts-et-taxis-baqueira-vallee-d-aran\/#primaryimage"},"thumbnailUrl":"https:\/\/www.totiaranalquilerbaqueira.com\/blog\/wp-content\/uploads\/2024\/08\/taxi-baqueira.jpg","datePublished":"2024-08-21T11:45:35+00:00","dateModified":"2026-01-29T12:36:22+00:00","description":"Besoin d\u2019un moyen de transport\u00a0? Une urgence dans la r\u00e9gion\u00a0? Nous proposons des services de taxi \u00e0 Baqueira et dans la vall\u00e9e d\u2019Aran.","breadcrumb":{"@id":"https:\/\/www.totiaranalquilerbaqueira.com\/blog\/fr\/transferts-et-taxis-baqueira-vallee-d-aran\/#breadcrumb"},"inLanguage":"fr-FR","potentialAction":[{"@type":"ReadAction","target":["https:\/\/www.totiaranalquilerbaqueira.com\/blog\/fr\/transferts-et-taxis-baqueira-vallee-d-aran\/"]}]},{"@type":"ImageObject","inLanguage":"fr-FR","@id":"https:\/\/www.totiaranalquilerbaqueira.com\/blog\/fr\/transferts-et-taxis-baqueira-vallee-d-aran\/#primaryimage","url":"https:\/\/www.totiaranalquilerbaqueira.com\/blog\/wp-content\/uploads\/2024\/08\/taxi-baqueira.jpg","contentUrl":"https:\/\/www.totiaranalquilerbaqueira.com\/blog\/wp-content\/uploads\/2024\/08\/taxi-baqueira.jpg","width":1920,"height":650,"caption":"servicio de taxi y traslados en Baqueira y el valle de Aran"},{"@type":"BreadcrumbList","@id":"https:\/\/www.totiaranalquilerbaqueira.com\/blog\/fr\/transferts-et-taxis-baqueira-vallee-d-aran\/#breadcrumb","itemListElement":[{"@type":"ListItem","position":1,"name":"Portada","item":"https:\/\/www.totiaranalquilerbaqueira.com\/blog\/fr\/"},{"@type":"ListItem","position":2,"name":"Transferts et taxis \u00e0 Baqueira et dans la vall\u00e9e d\u2019Aran"}]},{"@type":"WebSite","@id":"https:\/\/www.totiaranalquilerbaqueira.com\/blog\/fr\/#website","url":"https:\/\/www.totiaranalquilerbaqueira.com\/blog\/fr\/","name":"Blog","description":"Totiaranalquilerbaqueira","publisher":{"@id":"https:\/\/www.totiaranalquilerbaqueira.com\/blog\/fr\/#organization"},"potentialAction":[{"@type":"SearchAction","target":{"@type":"EntryPoint","urlTemplate":"https:\/\/www.totiaranalquilerbaqueira.com\/blog\/fr\/?s={search_term_string}"},"query-input":{"@type":"PropertyValueSpecification","valueRequired":true,"valueName":"search_term_string"}}],"inLanguage":"fr-FR"},{"@type":"Organization","@id":"https:\/\/www.totiaranalquilerbaqueira.com\/blog\/fr\/#organization","name":"Blog","url":"https:\/\/www.totiaranalquilerbaqueira.com\/blog\/fr\/","logo":{"@type":"ImageObject","inLanguage":"fr-FR","@id":"https:\/\/www.totiaranalquilerbaqueira.com\/blog\/fr\/#\/schema\/logo\/image\/","url":"https:\/\/www.totiaranalquilerbaqueira.com\/blog\/wp-content\/uploads\/2024\/08\/logo-totiaran-baqueira.png","contentUrl":"https:\/\/www.totiaranalquilerbaqueira.com\/blog\/wp-content\/uploads\/2024\/08\/logo-totiaran-baqueira.png","width":400,"height":84,"caption":"Blog"},"image":{"@id":"https:\/\/www.totiaranalquilerbaqueira.com\/blog\/fr\/#\/schema\/logo\/image\/"}}]}},"_links":{"self":[{"href":"https:\/\/www.totiaranalquilerbaqueira.com\/blog\/fr\/wp-json\/wp\/v2\/pages\/6746","targetHints":{"allow":["GET"]}}],"collection":[{"href":"https:\/\/www.totiaranalquilerbaqueira.com\/blog\/fr\/wp-json\/wp\/v2\/pages"}],"about":[{"href":"https:\/\/www.totiaranalquilerbaqueira.com\/blog\/fr\/wp-json\/wp\/v2\/types\/page"}],"author":[{"embeddable":true,"href":"https:\/\/www.totiaranalquilerbaqueira.com\/blog\/fr\/wp-json\/wp\/v2\/users\/2"}],"replies":[{"embeddable":true,"href":"https:\/\/www.totiaranalquilerbaqueira.com\/blog\/fr\/wp-json\/wp\/v2\/comments?post=6746"}],"version-history":[{"count":6,"href":"https:\/\/www.totiaranalquilerbaqueira.com\/blog\/fr\/wp-json\/wp\/v2\/pages\/6746\/revisions"}],"predecessor-version":[{"id":6874,"href":"https:\/\/www.totiaranalquilerbaqueira.com\/blog\/fr\/wp-json\/wp\/v2\/pages\/6746\/revisions\/6874"}],"wp:featuredmedia":[{"embeddable":true,"href":"https:\/\/www.totiaranalquilerbaqueira.com\/blog\/fr\/wp-json\/wp\/v2\/media\/3109"}],"wp:attachment":[{"href":"https:\/\/www.totiaranalquilerbaqueira.com\/blog\/fr\/wp-json\/wp\/v2\/media?parent=6746"}],"curies":[{"name":"wp","href":"https:\/\/api.w.org\/{rel}","templated":true}]}}